{"id":19,"date":"2015-02-23T11:17:14","date_gmt":"2015-02-23T10:17:14","guid":{"rendered":"http:\/\/blog.atelier-weise.de\/awblog\/?page_id=19"},"modified":"2019-09-24T19:24:58","modified_gmt":"2019-09-24T17:24:58","slug":"atelier","status":"publish","type":"page","link":"http:\/\/blog.atelier-weise.de\/awblog\/","title":{"rendered":"Atelier"},"content":{"rendered":"<div class=\"su-row\"><div class=\"su-column su-column-size-1-2\"><div class=\"su-column-inner su-u-clearfix su-u-trim\">\n<p>Illustration und Grafik im freien und angewandten Bereich seit 1987 als professionelle grafische Dienstleistung. Auf der Grundlage meiner k\u00fcnstlerischen Ausbildung zum Diplom Grafiker in den Bereichen Malerei | Grafik | Buchgestaltung an der Hochschule f\u00fcr Grafik und Buchkunst Leipzig (HGB) geh\u00f6ren alle Arbeiten des Grafikdesigns zu meinen Leistungen.<\/p>\n<p><a href=\"https:\/\/i0.wp.com\/blog.atelier-weise.de\/awblog\/wp-content\/uploads\/AW_logo_400.jpg\"><img data-recalc-dims=\"1\" loading=\"lazy\" decoding=\"async\" data-attachment-id=\"5696\" data-permalink=\"http:\/\/blog.atelier-weise.de\/awblog\/?attachment_id=5696#main\" data-orig-file=\"https:\/\/i0.wp.com\/blog.atelier-weise.de\/awblog\/wp-content\/uploads\/AW_logo_400.jpg?fit=400%2C363\" data-orig-size=\"400,363\" data-comments-opened=\"0\" data-image-meta=\"{&quot;aperture&quot;:&quot;0&quot;,&quot;credit&quot;:&quot;&quot;,&quot;camera&quot;:&quot;&quot;,&quot;caption&quot;:&quot;&quot;,&quot;created_timestamp&quot;:&quot;0&quot;,&quot;copyright&quot;:&quot;&quot;,&quot;focal_length&quot;:&quot;0&quot;,&quot;iso&quot;:&quot;0&quot;,&quot;shutter_speed&quot;:&quot;0&quot;,&quot;title&quot;:&quot;&quot;,&quot;orientation&quot;:&quot;1&quot;}\" data-image-title=\"AW_logo_400\" data-image-description=\"\" data-image-caption=\"\" data-medium-file=\"https:\/\/i0.wp.com\/blog.atelier-weise.de\/awblog\/wp-content\/uploads\/AW_logo_400.jpg?fit=300%2C300\" data-large-file=\"https:\/\/i0.wp.com\/blog.atelier-weise.de\/awblog\/wp-content\/uploads\/AW_logo_400.jpg?fit=1024%2C1024\" tabindex=\"0\" role=\"button\" class=\"alignnone size-full wp-image-5696\" src=\"https:\/\/i0.wp.com\/blog.atelier-weise.de\/awblog\/wp-content\/uploads\/AW_logo_400.jpg?resize=400%2C363\" alt=\"AW_logo_400\" width=\"400\" height=\"363\"><\/a><\/p>\n<p>Unter anderem k\u00fcnstlerische Illustration f\u00fcr Bucherzeugnisse, Layouts f\u00fcr jegliche Art von Druckerzeugnissen \u2013 von der Gesch\u00e4ftsausstattung bis zum umfangreichen Katalog oder Produktverzeichnis. Das Kundenspektrum reicht von Einzelunternehmen und freischaffenden K\u00fcnstlern bis zu namhaften Gro\u00dfunternehmen der Region.<\/p>\n<p>Individuelle sch\u00f6pferische Arbeit mit klassischen und modernen Ausdrucksformen geh\u00f6rt ebenso dazu wie&nbsp;umfangreiche digitale Kenntnisse zur Umsetzung von komplexen Projekten. Neben soliden Kenntnissen der&nbsp;Bildbearbeitung und allen Erfordernissen des 2D-Designs&nbsp;steht auch&nbsp;3D-Design als&nbsp;grafisches Mittel zur Verf\u00fcgung.<\/p>\n<p>Genau auf die Anforderungen&nbsp;des Kunden abgestimmt&nbsp;\u2013&nbsp;mit klaren Zielsetzungen von der Planung und Entwurfsphase, \u00fcber die transparente Angebotsgestaltung bis zur professionellen Realisierung \u2013 bin ich der zuverl\u00e4ssige Partner bei der Verwirklichung Ihrer Anspr\u00fcche bei der Medialen Darstellung.<\/p>\n<\/div><\/div> <div class=\"su-column su-column-size-1-2\"><div class=\"su-column-inner su-u-clearfix su-u-trim\">\n<p><a href=\"https:\/\/i0.wp.com\/blog.atelier-weise.de\/awblog\/wp-content\/uploads\/2019\/09\/briefkopf2.jpg\"><img data-recalc-dims=\"1\" loading=\"lazy\" decoding=\"async\" data-attachment-id=\"7068\" data-permalink=\"http:\/\/blog.atelier-weise.de\/awblog\/?attachment_id=7068#main\" data-orig-file=\"https:\/\/i0.wp.com\/blog.atelier-weise.de\/awblog\/wp-content\/uploads\/2019\/09\/briefkopf2.jpg?fit=554%2C1204\" data-orig-size=\"554,1204\" data-comments-opened=\"0\" data-image-meta=\"{&quot;aperture&quot;:&quot;0&quot;,&quot;credit&quot;:&quot;&quot;,&quot;camera&quot;:&quot;&quot;,&quot;caption&quot;:&quot;&quot;,&quot;created_timestamp&quot;:&quot;0&quot;,&quot;copyright&quot;:&quot;&quot;,&quot;focal_length&quot;:&quot;0&quot;,&quot;iso&quot;:&quot;0&quot;,&quot;shutter_speed&quot;:&quot;0&quot;,&quot;title&quot;:&quot;&quot;,&quot;orientation&quot;:&quot;1&quot;}\" data-image-title=\"briefkopf2\" data-image-description=\"\" data-image-caption=\"\" data-medium-file=\"https:\/\/i0.wp.com\/blog.atelier-weise.de\/awblog\/wp-content\/uploads\/2019\/09\/briefkopf2.jpg?fit=276%2C600\" data-large-file=\"https:\/\/i0.wp.com\/blog.atelier-weise.de\/awblog\/wp-content\/uploads\/2019\/09\/briefkopf2.jpg?fit=471%2C1024\" tabindex=\"0\" role=\"button\" class=\"alignnone  wp-image-7068\" src=\"https:\/\/i0.wp.com\/blog.atelier-weise.de\/awblog\/wp-content\/uploads\/2019\/09\/briefkopf2.jpg?resize=369%2C802\" alt=\"\" width=\"369\" height=\"802\" srcset=\"https:\/\/i0.wp.com\/blog.atelier-weise.de\/awblog\/wp-content\/uploads\/2019\/09\/briefkopf2.jpg?w=554 554w, https:\/\/i0.wp.com\/blog.atelier-weise.de\/awblog\/wp-content\/uploads\/2019\/09\/briefkopf2.jpg?resize=69%2C150 69w, https:\/\/i0.wp.com\/blog.atelier-weise.de\/awblog\/wp-content\/uploads\/2019\/09\/briefkopf2.jpg?resize=276%2C600 276w, https:\/\/i0.wp.com\/blog.atelier-weise.de\/awblog\/wp-content\/uploads\/2019\/09\/briefkopf2.jpg?resize=471%2C1024 471w\" sizes=\"(max-width: 369px) 100vw, 369px\" \/><\/a><br \/>\n<\/div><\/div><\/div>\n<p>Mitglied im&nbsp;<a href=\"http:\/\/blog.ckbev.de\">Chemnitzer K\u00fcnstlerbund e.V.<\/a><\/p>\n","protected":false},"excerpt":{"rendered":"<p>Mitglied im&nbsp;Chemnitzer K\u00fcnstlerbund e.V.<\/p>\n","protected":false},"author":1,"featured_media":0,"parent":0,"menu_order":0,"comment_status":"closed","ping_status":"open","template":"","meta":{"ngg_post_thumbnail":0,"generate_page_header":"","jetpack_post_was_ever_published":false,"footnotes":""},"class_list":["post-19","page","type-page","status-publish"],"jetpack_sharing_enabled":true,"jetpack_shortlink":"https:\/\/wp.me\/P7tHLD-j","jetpack-related-posts":[],"_links":{"self":[{"href":"http:\/\/blog.atelier-weise.de\/awblog\/index.php?rest_route=\/wp\/v2\/pages\/19"}],"collection":[{"href":"http:\/\/blog.atelier-weise.de\/awblog\/index.php?rest_route=\/wp\/v2\/pages"}],"about":[{"href":"http:\/\/blog.atelier-weise.de\/awblog\/index.php?rest_route=\/wp\/v2\/types\/page"}],"author":[{"embeddable":true,"href":"http:\/\/blog.atelier-weise.de\/awblog\/index.php?rest_route=\/wp\/v2\/users\/1"}],"replies":[{"embeddable":true,"href":"http:\/\/blog.atelier-weise.de\/awblog\/index.php?rest_route=%2Fwp%2Fv2%2Fcomments&post=19"}],"version-history":[{"count":18,"href":"http:\/\/blog.atelier-weise.de\/awblog\/index.php?rest_route=\/wp\/v2\/pages\/19\/revisions"}],"predecessor-version":[{"id":7069,"href":"http:\/\/blog.atelier-weise.de\/awblog\/index.php?rest_route=\/wp\/v2\/pages\/19\/revisions\/7069"}],"wp:attachment":[{"href":"http:\/\/blog.atelier-weise.de\/awblog\/index.php?rest_route=%2Fwp%2Fv2%2Fmedia&parent=19"}],"curies":[{"name":"wp","href":"https:\/\/api.w.org\/{rel}","templated":true}]}}