{"id":6353,"date":"2017-02-15T17:32:03","date_gmt":"2017-02-15T16:32:03","guid":{"rendered":"http:\/\/blog.atelier-weise.de\/awblog\/?page_id=6353"},"modified":"2017-02-15T17:37:16","modified_gmt":"2017-02-15T16:37:16","slug":"ckb-jubilare-708090","status":"publish","type":"page","link":"http:\/\/blog.atelier-weise.de\/awblog\/?page_id=6353","title":{"rendered":"CKB Jubilare 70|80|90"},"content":{"rendered":"<p>21 Mitglieder des Chemnitzer K\u00fcnstlerbund begingen 2014 ein \u201erundes\u201c Geburtstags-Jubil\u00e4um bzw. begehen dies 2015. Dies wurde zum Anlass genommen mit einer Ausstellung die Jubilare zu ehren. Sie soll einen \u00dcberblick \u00fcber ihr umfangreiches k\u00fcnstlerisches Schaffen geben, Einblicke in Arbeitsprozesse und Ergebnisse erm\u00f6glichen.<\/p>\n","protected":false},"excerpt":{"rendered":"<p>21 Mitglieder des Chemnitzer K\u00fcnstlerbund begingen 2014 ein \u201erundes\u201c Geburtstags-Jubil\u00e4um bzw. begehen dies 2015. Dies wurde zum Anlass genommen mit einer Ausstellung die Jubilare zu ehren. Sie soll einen \u00dcberblick \u00fcber ihr umfangreiches k\u00fcnstlerisches Schaffen geben, Einblicke in Arbeitsprozesse und Ergebnisse erm\u00f6glichen.<\/p>\n","protected":false},"author":1,"featured_media":0,"parent":673,"menu_order":0,"comment_status":"closed","ping_status":"closed","template":"","meta":{"ngg_post_thumbnail":0,"generate_page_header":"","jetpack_post_was_ever_published":false,"footnotes":""},"class_list":["post-6353","page","type-page","status-publish"],"jetpack_sharing_enabled":true,"jetpack_shortlink":"https:\/\/wp.me\/P7tHLD-1Et","jetpack-related-posts":[],"_links":{"self":[{"href":"http:\/\/blog.atelier-weise.de\/awblog\/index.php?rest_route=\/wp\/v2\/pages\/6353"}],"collection":[{"href":"http:\/\/blog.atelier-weise.de\/awblog\/index.php?rest_route=\/wp\/v2\/pages"}],"about":[{"href":"http:\/\/blog.atelier-weise.de\/awblog\/index.php?rest_route=\/wp\/v2\/types\/page"}],"author":[{"embeddable":true,"href":"http:\/\/blog.atelier-weise.de\/awblog\/index.php?rest_route=\/wp\/v2\/users\/1"}],"replies":[{"embeddable":true,"href":"http:\/\/blog.atelier-weise.de\/awblog\/index.php?rest_route=%2Fwp%2Fv2%2Fcomments&post=6353"}],"version-history":[{"count":1,"href":"http:\/\/blog.atelier-weise.de\/awblog\/index.php?rest_route=\/wp\/v2\/pages\/6353\/revisions"}],"predecessor-version":[{"id":6354,"href":"http:\/\/blog.atelier-weise.de\/awblog\/index.php?rest_route=\/wp\/v2\/pages\/6353\/revisions\/6354"}],"up":[{"embeddable":true,"href":"http:\/\/blog.atelier-weise.de\/awblog\/index.php?rest_route=\/wp\/v2\/pages\/673"}],"wp:attachment":[{"href":"http:\/\/blog.atelier-weise.de\/awblog\/index.php?rest_route=%2Fwp%2Fv2%2Fmedia&parent=6353"}],"curies":[{"name":"wp","href":"https:\/\/api.w.org\/{rel}","templated":true}]}}